{"id":40,"date":"2015-09-01T18:38:12","date_gmt":"2015-09-01T16:38:12","guid":{"rendered":"http:\/\/rot-weissgrossglienicke.de\/\/\/\/\/\/\/\/\/\/\/\/\/\/?page_id=40"},"modified":"2022-10-06T18:40:59","modified_gmt":"2022-10-06T16:40:59","slug":"impressum","status":"publish","type":"page","link":"https:\/\/rot-weissgrossglienicke.de\/index.php\/impressum\/","title":{"rendered":"Impressum"},"content":{"rendered":"<h1>Impressum<\/h1>\n<div class=\"half-left\">\n<h2>Angaben gem\u00e4\u00df \u00a7 5 TMG:<\/h2>\n<p><b>Anschrift:<\/b><br \/>\nSG Rot-Wei\u00df Gro\u00df Glienicke e.V.<br \/>\nAn der Sporthalle 8<br \/>\n14476 Potsdam\/OT Gro\u00df Glienicke<\/p>\n<p><b>Kontakt<\/b><br \/>\nTelefon: 033201-50518<br \/>\nE-Mail: webmaster@rot-weissgrossglienicke.de<\/p>\n<h2>Vertretungsberechtigter:<\/h2>\n<p>Carsten Dort und Gerd Frohberg<br \/>\nAdressen siehe oben<\/p>\n<h2>Vereinsregister:<\/h2>\n<p>Amtsgericht: Potsdam<br \/>\nRegisternummer: 799<\/p>\n<p><\/div><div class=\"half-left\"><\/p>\n<h2>Umsatzsteuer-ID:<\/h2>\n<p>Umsatzsteuer-Identifikationsnummer gem\u00e4\u00df \u00a727a Umsatzsteuergesetz:<br \/>\n046\/141\/07508<\/p>\n<h2>Verantwortlicher gem\u00e4\u00df \u00a7 55 Abs. 2 RStV:<\/h2>\n<p>Gerd Frohberg<br \/>\nAn der Sporthalle 8<br \/>\n14476 Potsdam\/OT Gro\u00df Glienicke<br \/>\nVerantwortlicher Redakteur und Webmaster f\u00fcr die Planung, Realisierung und Betreuung der Internetinhalte sowie f\u00fcr die Administration der Domain www.rot-weissgrossglienicke.de ist der bei der Denic eingetragene Admin-C.<\/p>\n<h2>Quellenangaben f\u00fcr die verwendeten Bilder und Grafiken:<\/h2>\n<p>Sind laut Vorgaben des Urhebers bzw. dessen Verwertungsagentur im Bild angegeben, sofern es sich nicht um eigene Bilder handelt.<br \/>\n<\/div><div class=\"clear\"><\/div><\/p>\n<hr \/>\n<div class=\"half-left\">\n<h2>Inhalt des Onlineangebotes<\/h2>\n<p>Der Autor \u00fcbernimmt keinerlei Gew\u00e4hr f\u00fcr die Aktualit\u00e4t, Korrektheit, Vollst\u00e4ndigkeit oder Qualit\u00e4t der bereitgestellten Informationen. Haftungsanspr\u00fcche gegen den Autor, welche sich auf Sch\u00e4den materieller oder ideeller Art beziehen, die durch die Nutzung oder Nichtnutzung der dargebotenen Informationen verursacht wurden, sind grunds\u00e4tzlich ausgeschlossen, sofern seitens des Autors kein nachweislich vors\u00e4tzliches oder grob fahrl\u00e4ssiges Verschulden vorliegt.<\/p>\n<p>Alle Angebote sind freibleibend und unverbindlich. Der Autor beh\u00e4lt es sich ausdr\u00fccklich vor, Teile der Seiten oder das gesamte Angebot ohne gesonderte Ank\u00fcndigung zu ver\u00e4ndern, zu erg\u00e4nzen, zu l\u00f6schen oder die Ver\u00f6ffentlichung zeitweise oder endg\u00fcltig einzustellen.<\/p>\n<h2>Verweise und Links<\/h2>\n<p>Bei direkten oder indirekten Verweisen auf fremde Internetseiten (\u201cLinks\u201d), die au\u00dferhalb des Verantwortungsbereiches des Autors liegen, w\u00fcrde eine Haftungsverpflichtung ausschlie\u00dflich in dem Fall in Kraft treten, in dem der Autor von den Inhalten Kenntnis hat und es ihm technisch m\u00f6glich und zumutbar w\u00e4re, die Nutzung im Falle rechtswidriger Inhalte zu verhindern.<\/p>\n<p>Der Autor erkl\u00e4rt hiermit ausdr\u00fccklich, dass zum Zeitpunkt der Linksetzung keine illegalen Inhalte auf den zu verlinkenden Seiten erkennbar waren. Auf die aktuelle und zuk\u00fcnftige Gestaltung, die Inhalte oder die Urheberschaft der gelinkten\/verk\u00fcpften Seite hat der Autor keinerlei Einfl\u00fcsse. Deshalb distanziert er sich hiermit ausdr\u00fccklich von allen Inhalten aller gelinkten\/verkn\u00fcpften Seiten, die nach der Linksetzung ver\u00e4ndert wurden. Diese Feststellung gilt f\u00fcr alle innerhalb des eigenen Internetangebotes gesetzten Links und Verweise sowie f\u00fcr Fremdeintr\u00e4ge in vom Autor eingerichteten G\u00e4steb\u00fcchern, Diskussionsforen und Mailingslisten. F\u00fcr illegale, fehlerhafte oder unvollst\u00e4ndige Inhalte und insbesondere f\u00fcr Sch\u00e4den, die aus der Nutzung oder Nichtnutzung solcheart dargebotener Informationen entstehen, haftet allein der Anbieter der Seite, auf welche verwiesen wurde, nicht derjenige, der \u00fcber Links auf die jeweilige Ver\u00f6ffentlichung lediglich verweist.<\/div><div class=\"half-left\"><\/p>\n<h2>Urheber- und Kennzeichenrecht<\/h2>\n<p>Der Autor ist bestrebt, in allen Publikationen die Urheberrechte der verwendeten Grafiken, Tondokumente , Videosequenzen und Texte zu nutzen oder auf lizenzfreie Grafiken, Tondokumente , Videosequenzen und Texte zur\u00fcckzugreifen. Alle innerhalb des Internetangebotes genannten und ggf. durch Dritte gesch\u00fctzten Marken- und Warenzeichen unterliegen uneingeschr\u00e4nkt den Bestimmungen des jeweiligs g\u00fcltigen Kennzeichenrechts und den Besitzrechten der jeweiligen eingetragenen Eigent\u00fcrmer. Allein aufgrund der blo\u00dfen Nennung ist nicht der Schlu\u00df zu ziehen, dass Markenzeichen nicht durch Rechte Dritter gesch\u00fctzt sind!<br \/>\nDas Copyright f\u00fcr ver\u00f6ffentlichte, vom Autor selbst erstellte Objekte bleibt allein beim Autor der Seite. Eine Vervielf\u00e4ltigung oder Verwendung solcher Grafiken, Tondokumente, Videosequenzen und Texte in anderen elektronischen oder gedruckten Publikationen ist ohne ausdr\u00fcckliche Zustimmung des Autors nicht gestattet.<\/p>\n<h2>Google-Dienste<\/h2>\n<p>Wir verwenden Schriften des Anbieters Google LLC, 1600 Amphitheatre Parkway, Mountain View, CA 94043, USA und binden diese lokal auf unserer Internetseite ein. Vielen Dank Google!<\/p>\n<h2>Datenschutz<\/h2>\n<p>Sofern innerhalb des Internetangebotes die M\u00f6glichkeit zur Eingabe pers\u00f6nlicher oder gesch\u00e4ftlicher Daten (E-Mailadressen, Namen, Anschriften) besteht, so erfolgt die Preisgabe dieser Daten seitens des Nutzers auf ausdr\u00fccklich freiwilliger Basis. Die Inanspruchnahme und Bezahlung aller angebotenen Dienste ist \u2013 soweit technisch m\u00f6glich und zumutbar \u2013 auch ohne Angabe solcher Daten bzw. unter Angabe anonymisierter Daten oder eines Pseudonyms gestattet.<\/p>\n<h3>Allgemeines<\/h3>\n<p>Wir nehmen den Schutz Ihrer personenbezogenen Daten sehr ernst und behandeln diese stehts vertraulich und entsprechend der gesetzlichen Datenschutzvorschriften.<br \/>\nIhre personenbezogenen Daten werden von uns durch technische und organisatorische Ma\u00dfnahmen so gespeichert und verarbeitet, dass diese f\u00fcr Dritte nicht zug\u00e4nglich sind.<br \/>\nDaten werden beim Abruf unserer Internetseite entsprechend dem Stand der Technik SSL-verschl\u00fcsselt \u00fcbertragen.<br \/>\nF\u00fcr die Daten\u00fcbertragung im Internet (E-Mails, Seitenaufrufe \u00fcber explizit ungesicherte Verbindungen, Vieren oder Trojaner auf Ihrem<br \/>\nRechner) k\u00f6nnen wir jedoch keine Haftung \u00fcbernehmen.<br \/>\nF\u00fcr vertrauliche Informationen nutzen Sie daher bitte den Postweg.<\/p>\n<p>Unsere Internetseite kann grunds\u00e4tzlich ohne die Angabe personenbezogener Daten genutzt werden.<br \/>\nDie Angaben personenbezogener Daten erfolgt stets auf freiwilliger Basis, wie zum Beispiel bei der Kontaktaufnahme \u00fcber ein Kontaktformular oder im Rahmen einer Anfrage.<br \/>\nIm folgenden informieren wir Sie dar\u00fcber welche Daten beim Besuch unserer Internetseite erhoben und wie diese verarbeitet und ggf. von uns genutzt werden.<\/p>\n<h2>Webhosting<\/h2>\n<p>F\u00fcr unsere Internetseite nehmen wir die Dienste (Speicherplatz, Rechenkapazit\u00e4t, Datenbanken, Sicherheits- und technische<br \/>\nWartungsleistungen) eines Hostinganbieters in Anspruch.<br \/>\nDa gem\u00e4\u00df Art. 6 Abs. 1 DSGVO und Art. 28 DSGVO ein berechtigtes Interesse an einer sicheren Bereitstellung dieser Internetseite besteht, erhebt der Hostinganbieter Meta- und Kommunikationsdaten bei jedem Aufruf unserer Internetseite, welche im Folgenden detailliert erkl\u00e4rt werden.<br \/>\nEin entsprechender Auftragsverarbeitungsvertrag mit dem Hostinganbieter ist abgeschlossen.<br \/>\nDarin verpflichtet er sich unter anderem die erhobenen Daten nicht an Dritte weiterzugeben und sie nach Zweckerf\u00fcllung zu l\u00f6schen.<\/p>\n<h3>Erhebung von Daten beim Besuch unserer Seite<\/h3>\n<p>Jeder Besuch auf unserer Seite und die damit in Verbindung stehenden einzelnen Dateizugriffe werden in sogenannten Log-Dateien protokolliert.<br \/>\nDiese Informationen werden bei einer Anfrage durch Ihrem Browser automatisch an unseren Server \u00fcbermittelt.<br \/>\nDabei werden folgende Informationen anonymisiert gespeichert<\/p>\n<p>&#8211; Uhrzeit der Serveranfrage<br \/>\n&#8211; abgerufene Datei\/URL<br \/>\n&#8211; \u00fcbertragene Dateigr\u00f6\u00dfe<br \/>\n&#8211; Meldung \u00fcber erfolgreichen Abruf (Server-Code)<br \/>\n&#8211; Name\/Domain des zugreifenden Rechners und dessen IP-Adresse<br \/>\n&#8211; Browsertyp und dessen Version<br \/>\n&#8211; verwendetes Betriebssystem<\/p>\n<p>Eine personenbezogene Zuordnung und Nachverfolgung ist daher f\u00fcr uns technisch nicht m\u00f6glich.<br \/>\nDie Zusammenf\u00fchrung dieser Daten mit anderen Datenquellen wird nicht vorgenommen.<br \/>\nWir behalten uns jedoch vor, diese Daten nachtr\u00e4glich zu pr\u00fcfen, sofern uns konkrete Anhaltspunkte f\u00fcr eine rechtswidrige Nutzung bekannt werden.<br \/>\nEine Weitergabe dieser Log-Dateien an Dritte erfolgt grunds\u00e4tzlich nicht!<\/p>\n<h2>Rechtswirksamkeit dieses Haftungsausschlusses<\/h2>\n<p>Dieser Haftungsausschluss ist als Teil des Internetangebotes zu betrachten, von dem aus auf diese Seite verwiesen wurde. Sofern Teile oder einzelne Formulierungen dieses Textes der geltenden Rechtslage nicht, nicht mehr oder nicht vollst\u00e4ndig entsprechen sollten, bleiben die \u00fcbrigen Teile des Dokumentes in ihrem Inhalt und ihrer G\u00fcltigkeit davon unber\u00fchrt.<\/div><div class=\"clear\"><\/div><\/p>\n","protected":false},"excerpt":{"rendered":"<p>Impressum<\/p>\n","protected":false},"author":1,"featured_media":0,"parent":0,"menu_order":0,"comment_status":"closed","ping_status":"closed","template":"","meta":{"footnotes":""},"class_list":["post-40","page","type-page","status-publish","hentry"],"_links":{"self":[{"href":"https:\/\/rot-weissgrossglienicke.de\/index.php\/wp-json\/wp\/v2\/pages\/40","targetHints":{"allow":["GET"]}}],"collection":[{"href":"https:\/\/rot-weissgrossglienicke.de\/index.php\/wp-json\/wp\/v2\/pages"}],"about":[{"href":"https:\/\/rot-weissgrossglienicke.de\/index.php\/wp-json\/wp\/v2\/types\/page"}],"author":[{"embeddable":true,"href":"https:\/\/rot-weissgrossglienicke.de\/index.php\/wp-json\/wp\/v2\/users\/1"}],"replies":[{"embeddable":true,"href":"https:\/\/rot-weissgrossglienicke.de\/index.php\/wp-json\/wp\/v2\/comments?post=40"}],"version-history":[{"count":7,"href":"https:\/\/rot-weissgrossglienicke.de\/index.php\/wp-json\/wp\/v2\/pages\/40\/revisions"}],"predecessor-version":[{"id":2548,"href":"https:\/\/rot-weissgrossglienicke.de\/index.php\/wp-json\/wp\/v2\/pages\/40\/revisions\/2548"}],"wp:attachment":[{"href":"https:\/\/rot-weissgrossglienicke.de\/index.php\/wp-json\/wp\/v2\/media?parent=40"}],"curies":[{"name":"wp","href":"https:\/\/api.w.org\/{rel}","templated":true}]}}